{"id":152,"date":"2024-06-11T22:06:35","date_gmt":"2024-06-11T20:06:35","guid":{"rendered":"https:\/\/murmurfilms.sk\/main-page\/?page_id=152"},"modified":"2025-04-27T21:22:28","modified_gmt":"2025-04-27T19:22:28","slug":"dreaming-differences","status":"publish","type":"page","link":"https:\/\/murmurfilms.sk\/index.php\/dreaming-differences\/","title":{"rendered":"dreaming differences"},"content":{"rendered":"<div class=\"wpb-content-wrapper\"><p>[vc_row][vc_column][\/vc_column][\/vc_row][vc_row][vc_column][vc_single_image image=&#8221;243&#8243; img_size=&#8221;full&#8221; css=&#8221;&#8221;][\/vc_column][\/vc_row][vc_row][vc_column][vc_column_text css=&#8221;&#8221;]<\/p>\n<h3><strong>DREAMING DIFFERENCES<\/strong><\/h3>\n<p>[\/vc_column_text][\/vc_column][\/vc_row][vc_row][vc_column width=&#8221;2\/3&#8243;][vc_column_text css=&#8221;&#8221;]<em><span style=\"font-weight: 400;\">feature film, sci-fi<\/span><\/em><br \/>\n<em><span style=\"font-weight: 400;\">original title: Rozd\u00edly sn\u011bn\u00ed\u00a0<\/span><\/em><\/p>\n<p><strong>TAGLINE:<\/strong><br \/>\n<span style=\"font-weight: 400;\">In a world where sleep can be permanently removed, Petr gives up his dreams to fulfill the capitalist dreams of success. But then he meets Ema, for whom dreams provide an escape from everyday reality.<\/span>[\/vc_column_text][\/vc_column][vc_column width=&#8221;1\/3&#8243;][vc_column_text css=&#8221;&#8221;]<span style=\"font-weight: 400;\"><strong>Director:<\/strong> Kate\u0159ina Hron\u00edkov\u00e1<\/span><br \/>\n<span style=\"font-weight: 400;\"><strong>Script:<\/strong> Kate\u0159ina Hron\u00edkov\u00e1, Krist\u00edna \u017dilin\u010d\u00e1rov\u00e1\u00a0<\/span><br \/>\n<span style=\"font-weight: 400;\"><strong>Dramaturgist:<\/strong> M\u00e1ria Feren\u010duhov\u00e1<\/span><\/p>\n<p><span style=\"font-weight: 400;\"><strong>Producer:<\/strong> Nata\u0161a Jur\u010dov\u00e1 Findrov\u00e1 &#8211; Murmur Films (SK)<\/span>[\/vc_column_text][\/vc_column][\/vc_row][vc_row][vc_column width=&#8221;2\/3&#8243;][vc_column_text css=&#8221;&#8221;]<\/p>\n<h4><strong>PRESENTED AT:<\/strong><\/h4>\n<p><a href=\"https:\/\/site.fest.pt\/en\/fest-pro\/pitching-forum\/selected-projects-2024\/\">FEST \u2014 Pitching Forum<\/a> &gt; 20th FEST &#8211; New Directors | New Films Festival (PT).<br \/>\n<a href=\"https:\/\/febiofest.sk\/en\/works-in-progress-selected-projects-2025\/\">Bratislava Industry Days &#8211; Works in Progress<\/a> &gt; 32nd IFF FEBIOFEST Bratislava (SR)<br \/>\n<a href=\"https:\/\/www.music-cinema.com\/en\/support-arrangements\/455-third-character-2\">European Market for Film Music Composition &#8211; Third Character<\/a> &gt; 26th Music &amp; Cinema Marseille (FR)[\/vc_column_text][\/vc_column][vc_column width=&#8221;1\/3&#8243;][vc_single_image image=&#8221;249&#8243; img_size=&#8221;medium&#8221; alignment=&#8221;center&#8221; onclick=&#8221;custom_link&#8221; img_link_target=&#8221;_blank&#8221; css=&#8221;&#8221; link=&#8221;https:\/\/site.fest.pt\/en\/fest-pro\/pitching-forum\/pitching-forum-winners-2024\/&#8221;][vc_single_image image=&#8221;269&#8243; img_size=&#8221;medium&#8221; alignment=&#8221;center&#8221; onclick=&#8221;custom_link&#8221; img_link_target=&#8221;_blank&#8221; css=&#8221;&#8221; link=&#8221;https:\/\/febiofest.sk\/en\/awards-and-industry-jury\/&#8221;][\/vc_column][\/vc_row]<\/p>\n<\/div>","protected":false},"excerpt":{"rendered":"<p>[vc_row][vc_column][\/vc_column][\/vc_row][vc_row][vc_column][vc_single_image image=&#8221;243&#8243; img_size=&#8221;full&#8221; css=&#8221;&#8221;][\/vc_column][\/vc_row][vc_row][vc_column][vc_column_text css=&#8221;&#8221;] DREAMING DIFFERENCES [\/vc_column_text][\/vc_column][\/vc_row][vc_row][vc_column width=&#8221;2\/3&#8243;][vc_column_text css=&#8221;&#8221;]feature film, sci-fi original title: Rozd\u00edly sn\u011bn\u00ed\u00a0 TAGLINE: In a world [&hellip;]<\/p>\n","protected":false},"author":1,"featured_media":0,"parent":0,"menu_order":0,"comment_status":"closed","ping_status":"closed","template":"","meta":{"site-sidebar-layout":"default","site-content-layout":"","ast-site-content-layout":"default","site-content-style":"default","site-sidebar-style":"default","ast-global-header-display":"","ast-banner-title-visibility":"","ast-main-header-display":"","ast-hfb-above-header-display":"","ast-hfb-below-header-display":"","ast-hfb-mobile-header-display":"","site-post-title":"disabled","ast-breadcrumbs-content":"","ast-featured-img":"","footer-sml-layout":"","theme-transparent-header-meta":"default","adv-header-id-meta":"","stick-header-meta":"","header-above-stick-meta":"","header-main-stick-meta":"","header-below-stick-meta":"","astra-migrate-meta-layouts":"set","ast-page-background-enabled":"default","ast-page-background-meta":{"desktop":{"background-color":"var(--ast-global-color-4)","background-image":"","background-repeat":"repeat","background-position":"center center","background-size":"auto","background-attachment":"scroll","background-type":"","background-media":"","overlay-type":"","overlay-color":"","overlay-opacity":"","overlay-gradient":""},"tablet":{"background-color":"","background-image":"","background-repeat":"repeat","background-position":"center center","background-size":"auto","background-attachment":"scroll","background-type":"","background-media":"","overlay-type":"","overlay-color":"","overlay-opacity":"","overlay-gradient":""},"mobile":{"background-color":"","background-image":"","background-repeat":"repeat","background-position":"center center","background-size":"auto","background-attachment":"scroll","background-type":"","background-media":"","overlay-type":"","overlay-color":"","overlay-opacity":"","overlay-gradient":""}},"ast-content-background-meta":{"desktop":{"background-color":"var(--ast-global-color-5)","background-image":"","background-repeat":"repeat","background-position":"center center","background-size":"auto","background-attachment":"scroll","background-type":"","background-media":"","overlay-type":"","overlay-color":"","overlay-opacity":"","overlay-gradient":""},"tablet":{"background-color":"var(--ast-global-color-5)","background-image":"","background-repeat":"repeat","background-position":"center center","background-size":"auto","background-attachment":"scroll","background-type":"","background-media":"","overlay-type":"","overlay-color":"","overlay-opacity":"","overlay-gradient":""},"mobile":{"background-color":"var(--ast-global-color-5)","background-image":"","background-repeat":"repeat","background-position":"center center","background-size":"auto","background-attachment":"scroll","background-type":"","background-media":"","overlay-type":"","overlay-color":"","overlay-opacity":"","overlay-gradient":""}},"footnotes":""},"class_list":["post-152","page","type-page","status-publish","hentry"],"yoast_head":"<!-- This site is optimized with the Yoast SEO plugin v22.9 - https:\/\/yoast.com\/wordpress\/plugins\/seo\/ -->\n<title>dreaming differences -<\/title>\n<meta name=\"robots\" content=\"index, follow, max-snippet:-1, max-image-preview:large, max-video-preview:-1\" \/>\n<link rel=\"canonical\" href=\"https:\/\/murmurfilms.sk\/index.php\/dreaming-differences\/\" \/>\n<meta property=\"og:locale\" content=\"en_US\" \/>\n<meta property=\"og:type\" content=\"article\" \/>\n<meta property=\"og:title\" content=\"dreaming differences -\" \/>\n<meta property=\"og:description\" content=\"[vc_row][vc_column][\/vc_column][\/vc_row][vc_row][vc_column][vc_single_image image=&#8221;243&#8243; img_size=&#8221;full&#8221; css=&#8221;&#8221;][\/vc_column][\/vc_row][vc_row][vc_column][vc_column_text css=&#8221;&#8221;] DREAMING DIFFERENCES [\/vc_column_text][\/vc_column][\/vc_row][vc_row][vc_column width=&#8221;2\/3&#8243;][vc_column_text css=&#8221;&#8221;]feature film, sci-fi original title: Rozd\u00edly sn\u011bn\u00ed\u00a0 TAGLINE: In a world [&hellip;]\" \/>\n<meta property=\"og:url\" content=\"https:\/\/murmurfilms.sk\/index.php\/dreaming-differences\/\" \/>\n<meta property=\"article:modified_time\" content=\"2025-04-27T19:22:28+00:00\" \/>\n<meta name=\"twitter:card\" content=\"summary_large_image\" \/>\n<meta name=\"twitter:label1\" content=\"Est. reading time\" \/>\n\t<meta name=\"twitter:data1\" content=\"1 minute\" \/>\n<script type=\"application\/ld+json\" class=\"yoast-schema-graph\">{\"@context\":\"https:\/\/schema.org\",\"@graph\":[{\"@type\":\"WebPage\",\"@id\":\"https:\/\/murmurfilms.sk\/index.php\/dreaming-differences\/\",\"url\":\"https:\/\/murmurfilms.sk\/index.php\/dreaming-differences\/\",\"name\":\"dreaming differences -\",\"isPartOf\":{\"@id\":\"https:\/\/murmurfilms.sk\/#website\"},\"datePublished\":\"2024-06-11T20:06:35+00:00\",\"dateModified\":\"2025-04-27T19:22:28+00:00\",\"breadcrumb\":{\"@id\":\"https:\/\/murmurfilms.sk\/index.php\/dreaming-differences\/#breadcrumb\"},\"inLanguage\":\"en-US\",\"potentialAction\":[{\"@type\":\"ReadAction\",\"target\":[\"https:\/\/murmurfilms.sk\/index.php\/dreaming-differences\/\"]}]},{\"@type\":\"BreadcrumbList\",\"@id\":\"https:\/\/murmurfilms.sk\/index.php\/dreaming-differences\/#breadcrumb\",\"itemListElement\":[{\"@type\":\"ListItem\",\"position\":1,\"name\":\"Domovsk\u00e1 str\u00e1nka\",\"item\":\"https:\/\/murmurfilms.sk\/\"},{\"@type\":\"ListItem\",\"position\":2,\"name\":\"dreaming differences\"}]},{\"@type\":\"WebSite\",\"@id\":\"https:\/\/murmurfilms.sk\/#website\",\"url\":\"https:\/\/murmurfilms.sk\/\",\"name\":\"\",\"description\":\"\",\"potentialAction\":[{\"@type\":\"SearchAction\",\"target\":{\"@type\":\"EntryPoint\",\"urlTemplate\":\"https:\/\/murmurfilms.sk\/?s={search_term_string}\"},\"query-input\":\"required name=search_term_string\"}],\"inLanguage\":\"en-US\"}]}<\/script>\n<!-- \/ Yoast SEO plugin. -->","yoast_head_json":{"title":"dreaming differences -","robots":{"index":"index","follow":"follow","max-snippet":"max-snippet:-1","max-image-preview":"max-image-preview:large","max-video-preview":"max-video-preview:-1"},"canonical":"https:\/\/murmurfilms.sk\/index.php\/dreaming-differences\/","og_locale":"en_US","og_type":"article","og_title":"dreaming differences -","og_description":"[vc_row][vc_column][\/vc_column][\/vc_row][vc_row][vc_column][vc_single_image image=&#8221;243&#8243; img_size=&#8221;full&#8221; css=&#8221;&#8221;][\/vc_column][\/vc_row][vc_row][vc_column][vc_column_text css=&#8221;&#8221;] DREAMING DIFFERENCES [\/vc_column_text][\/vc_column][\/vc_row][vc_row][vc_column width=&#8221;2\/3&#8243;][vc_column_text css=&#8221;&#8221;]feature film, sci-fi original title: Rozd\u00edly sn\u011bn\u00ed\u00a0 TAGLINE: In a world [&hellip;]","og_url":"https:\/\/murmurfilms.sk\/index.php\/dreaming-differences\/","article_modified_time":"2025-04-27T19:22:28+00:00","twitter_card":"summary_large_image","twitter_misc":{"Est. reading time":"1 minute"},"schema":{"@context":"https:\/\/schema.org","@graph":[{"@type":"WebPage","@id":"https:\/\/murmurfilms.sk\/index.php\/dreaming-differences\/","url":"https:\/\/murmurfilms.sk\/index.php\/dreaming-differences\/","name":"dreaming differences -","isPartOf":{"@id":"https:\/\/murmurfilms.sk\/#website"},"datePublished":"2024-06-11T20:06:35+00:00","dateModified":"2025-04-27T19:22:28+00:00","breadcrumb":{"@id":"https:\/\/murmurfilms.sk\/index.php\/dreaming-differences\/#breadcrumb"},"inLanguage":"en-US","potentialAction":[{"@type":"ReadAction","target":["https:\/\/murmurfilms.sk\/index.php\/dreaming-differences\/"]}]},{"@type":"BreadcrumbList","@id":"https:\/\/murmurfilms.sk\/index.php\/dreaming-differences\/#breadcrumb","itemListElement":[{"@type":"ListItem","position":1,"name":"Domovsk\u00e1 str\u00e1nka","item":"https:\/\/murmurfilms.sk\/"},{"@type":"ListItem","position":2,"name":"dreaming differences"}]},{"@type":"WebSite","@id":"https:\/\/murmurfilms.sk\/#website","url":"https:\/\/murmurfilms.sk\/","name":"","description":"","potentialAction":[{"@type":"SearchAction","target":{"@type":"EntryPoint","urlTemplate":"https:\/\/murmurfilms.sk\/?s={search_term_string}"},"query-input":"required name=search_term_string"}],"inLanguage":"en-US"}]}},"_links":{"self":[{"href":"https:\/\/murmurfilms.sk\/index.php\/wp-json\/wp\/v2\/pages\/152","targetHints":{"allow":["GET"]}}],"collection":[{"href":"https:\/\/murmurfilms.sk\/index.php\/wp-json\/wp\/v2\/pages"}],"about":[{"href":"https:\/\/murmurfilms.sk\/index.php\/wp-json\/wp\/v2\/types\/page"}],"author":[{"embeddable":true,"href":"https:\/\/murmurfilms.sk\/index.php\/wp-json\/wp\/v2\/users\/1"}],"replies":[{"embeddable":true,"href":"https:\/\/murmurfilms.sk\/index.php\/wp-json\/wp\/v2\/comments?post=152"}],"version-history":[{"count":21,"href":"https:\/\/murmurfilms.sk\/index.php\/wp-json\/wp\/v2\/pages\/152\/revisions"}],"predecessor-version":[{"id":271,"href":"https:\/\/murmurfilms.sk\/index.php\/wp-json\/wp\/v2\/pages\/152\/revisions\/271"}],"wp:attachment":[{"href":"https:\/\/murmurfilms.sk\/index.php\/wp-json\/wp\/v2\/media?parent=152"}],"curies":[{"name":"wp","href":"https:\/\/api.w.org\/{rel}","templated":true}]}}