{"id":149,"date":"2024-06-11T21:51:27","date_gmt":"2024-06-11T19:51:27","guid":{"rendered":"https:\/\/murmurfilms.sk\/main-page\/?page_id=149"},"modified":"2024-09-22T15:34:02","modified_gmt":"2024-09-22T13:34:02","slug":"about-us-and-contact","status":"publish","type":"page","link":"https:\/\/murmurfilms.sk\/index.php\/about-us-and-contact\/","title":{"rendered":"about us and contact"},"content":{"rendered":"<div class=\"wpb-content-wrapper\"><p>[vc_row][vc_column width=&#8221;3\/4&#8243;][vc_column_text css=&#8221;&#8221;]<\/p>\n<h3><strong>ABOUT US<\/strong><\/h3>\n<p>[\/vc_column_text][\/vc_column][\/vc_row][vc_row][vc_column width=&#8221;1\/4&#8243;][vc_single_image image=&#8221;224&#8243; img_size=&#8221;full&#8221; css=&#8221;&#8221;][\/vc_column][vc_column width=&#8221;3\/4&#8243;][vc_column_text css=&#8221;&#8221;]<strong><span class=\"OYPEnA text-decoration-none text-strikethrough-none\">Murmur Films is at the beginning of its journey.<\/span> <span class=\"OYPEnA text-decoration-none text-strikethrough-none\">Established in 2022 by Nata\u0161a Jur\u010dov\u00e1 Findrov\u00e1.\u00a0<\/span><\/strong><\/p>\n<p><span style=\"color: #000000;\"><strong>Nata\u0161a Jur\u010dov\u00e1 Findrov\u00e1<\/strong> has a Master\u2019s degree in Film Production and Distribution and Bachelor\u2019s degree in Documentary Film Directing from Academy of Performing Arts in Bratislava. Her previous background is in acting and performance.<\/span><\/p>\n<p><span style=\"color: #000000;\">She is currently working on her first production debut under the umbrella of her company \u2018Murmur Films\u2019. Besides that she is acting as a Industry programme coordinator for <a style=\"color: #000000;\" href=\"https:\/\/www.ffi.sk\/en\/ffi\/\">Slovak Queer Film Festival<\/a> and as PR Manager for <a style=\"color: #000000;\" href=\"https:\/\/febiofest.sk\/en\/febiofest-en\/\">IFF FEBIOFEST Bratislava<\/a> &amp; <a style=\"color: #000000;\" href=\"https:\/\/www.kino-lumiere.sk\/\">Lumi\u00e8re Cinema<\/a> in Bratislava and also for distribution company <a style=\"color: #000000;\" href=\"https:\/\/asfk.sk\/\">ASFK<\/a>.<\/span>[\/vc_column_text][\/vc_column][\/vc_row]<\/p>\n<\/div>","protected":false},"excerpt":{"rendered":"<p>[vc_row][vc_column width=&#8221;3\/4&#8243;][vc_column_text css=&#8221;&#8221;] ABOUT US [\/vc_column_text][\/vc_column][\/vc_row][vc_row][vc_column width=&#8221;1\/4&#8243;][vc_single_image image=&#8221;224&#8243; img_size=&#8221;full&#8221; css=&#8221;&#8221;][\/vc_column][vc_column width=&#8221;3\/4&#8243;][vc_column_text css=&#8221;&#8221;]Murmur Films is at the beginning of its journey. [&hellip;]<\/p>\n","protected":false},"author":1,"featured_media":0,"parent":0,"menu_order":0,"comment_status":"closed","ping_status":"closed","template":"","meta":{"site-sidebar-layout":"default","site-content-layout":"","ast-site-content-layout":"default","site-content-style":"default","site-sidebar-style":"default","ast-global-header-display":"","ast-banner-title-visibility":"","ast-main-header-display":"","ast-hfb-above-header-display":"","ast-hfb-below-header-display":"","ast-hfb-mobile-header-display":"","site-post-title":"disabled","ast-breadcrumbs-content":"","ast-featured-img":"","footer-sml-layout":"","theme-transparent-header-meta":"default","adv-header-id-meta":"","stick-header-meta":"","header-above-stick-meta":"","header-main-stick-meta":"","header-below-stick-meta":"","astra-migrate-meta-layouts":"set","ast-page-background-enabled":"default","ast-page-background-meta":{"desktop":{"background-color":"var(--ast-global-color-4)","background-image":"","background-repeat":"repeat","background-position":"center center","background-size":"auto","background-attachment":"scroll","background-type":"","background-media":"","overlay-type":"","overlay-color":"","overlay-opacity":"","overlay-gradient":""},"tablet":{"background-color":"","background-image":"","background-repeat":"repeat","background-position":"center center","background-size":"auto","background-attachment":"scroll","background-type":"","background-media":"","overlay-type":"","overlay-color":"","overlay-opacity":"","overlay-gradient":""},"mobile":{"background-color":"","background-image":"","background-repeat":"repeat","background-position":"center center","background-size":"auto","background-attachment":"scroll","background-type":"","background-media":"","overlay-type":"","overlay-color":"","overlay-opacity":"","overlay-gradient":""}},"ast-content-background-meta":{"desktop":{"background-color":"var(--ast-global-color-5)","background-image":"","background-repeat":"repeat","background-position":"center center","background-size":"auto","background-attachment":"scroll","background-type":"","background-media":"","overlay-type":"","overlay-color":"","overlay-opacity":"","overlay-gradient":""},"tablet":{"background-color":"var(--ast-global-color-5)","background-image":"","background-repeat":"repeat","background-position":"center center","background-size":"auto","background-attachment":"scroll","background-type":"","background-media":"","overlay-type":"","overlay-color":"","overlay-opacity":"","overlay-gradient":""},"mobile":{"background-color":"var(--ast-global-color-5)","background-image":"","background-repeat":"repeat","background-position":"center center","background-size":"auto","background-attachment":"scroll","background-type":"","background-media":"","overlay-type":"","overlay-color":"","overlay-opacity":"","overlay-gradient":""}},"footnotes":""},"class_list":["post-149","page","type-page","status-publish","hentry"],"yoast_head":"<!-- This site is optimized with the Yoast SEO plugin v22.9 - https:\/\/yoast.com\/wordpress\/plugins\/seo\/ -->\n<title>about us and contact -<\/title>\n<meta name=\"robots\" content=\"index, follow, max-snippet:-1, max-image-preview:large, max-video-preview:-1\" \/>\n<link rel=\"canonical\" href=\"https:\/\/murmurfilms.sk\/index.php\/about-us-and-contact\/\" \/>\n<meta property=\"og:locale\" content=\"en_US\" \/>\n<meta property=\"og:type\" content=\"article\" \/>\n<meta property=\"og:title\" content=\"about us and contact -\" \/>\n<meta property=\"og:description\" content=\"[vc_row][vc_column width=&#8221;3\/4&#8243;][vc_column_text css=&#8221;&#8221;] ABOUT US [\/vc_column_text][\/vc_column][\/vc_row][vc_row][vc_column width=&#8221;1\/4&#8243;][vc_single_image image=&#8221;224&#8243; img_size=&#8221;full&#8221; css=&#8221;&#8221;][\/vc_column][vc_column width=&#8221;3\/4&#8243;][vc_column_text css=&#8221;&#8221;]Murmur Films is at the beginning of its journey. [&hellip;]\" \/>\n<meta property=\"og:url\" content=\"https:\/\/murmurfilms.sk\/index.php\/about-us-and-contact\/\" \/>\n<meta property=\"article:modified_time\" content=\"2024-09-22T13:34:02+00:00\" \/>\n<meta name=\"twitter:card\" content=\"summary_large_image\" \/>\n<meta name=\"twitter:label1\" content=\"Est. reading time\" \/>\n\t<meta name=\"twitter:data1\" content=\"1 minute\" \/>\n<script type=\"application\/ld+json\" class=\"yoast-schema-graph\">{\"@context\":\"https:\/\/schema.org\",\"@graph\":[{\"@type\":\"WebPage\",\"@id\":\"https:\/\/murmurfilms.sk\/index.php\/about-us-and-contact\/\",\"url\":\"https:\/\/murmurfilms.sk\/index.php\/about-us-and-contact\/\",\"name\":\"about us and contact -\",\"isPartOf\":{\"@id\":\"https:\/\/murmurfilms.sk\/#website\"},\"datePublished\":\"2024-06-11T19:51:27+00:00\",\"dateModified\":\"2024-09-22T13:34:02+00:00\",\"breadcrumb\":{\"@id\":\"https:\/\/murmurfilms.sk\/index.php\/about-us-and-contact\/#breadcrumb\"},\"inLanguage\":\"en-US\",\"potentialAction\":[{\"@type\":\"ReadAction\",\"target\":[\"https:\/\/murmurfilms.sk\/index.php\/about-us-and-contact\/\"]}]},{\"@type\":\"BreadcrumbList\",\"@id\":\"https:\/\/murmurfilms.sk\/index.php\/about-us-and-contact\/#breadcrumb\",\"itemListElement\":[{\"@type\":\"ListItem\",\"position\":1,\"name\":\"Domovsk\u00e1 str\u00e1nka\",\"item\":\"https:\/\/murmurfilms.sk\/\"},{\"@type\":\"ListItem\",\"position\":2,\"name\":\"about us and contact\"}]},{\"@type\":\"WebSite\",\"@id\":\"https:\/\/murmurfilms.sk\/#website\",\"url\":\"https:\/\/murmurfilms.sk\/\",\"name\":\"\",\"description\":\"\",\"potentialAction\":[{\"@type\":\"SearchAction\",\"target\":{\"@type\":\"EntryPoint\",\"urlTemplate\":\"https:\/\/murmurfilms.sk\/?s={search_term_string}\"},\"query-input\":\"required name=search_term_string\"}],\"inLanguage\":\"en-US\"}]}<\/script>\n<!-- \/ Yoast SEO plugin. -->","yoast_head_json":{"title":"about us and contact -","robots":{"index":"index","follow":"follow","max-snippet":"max-snippet:-1","max-image-preview":"max-image-preview:large","max-video-preview":"max-video-preview:-1"},"canonical":"https:\/\/murmurfilms.sk\/index.php\/about-us-and-contact\/","og_locale":"en_US","og_type":"article","og_title":"about us and contact -","og_description":"[vc_row][vc_column width=&#8221;3\/4&#8243;][vc_column_text css=&#8221;&#8221;] ABOUT US [\/vc_column_text][\/vc_column][\/vc_row][vc_row][vc_column width=&#8221;1\/4&#8243;][vc_single_image image=&#8221;224&#8243; img_size=&#8221;full&#8221; css=&#8221;&#8221;][\/vc_column][vc_column width=&#8221;3\/4&#8243;][vc_column_text css=&#8221;&#8221;]Murmur Films is at the beginning of its journey. [&hellip;]","og_url":"https:\/\/murmurfilms.sk\/index.php\/about-us-and-contact\/","article_modified_time":"2024-09-22T13:34:02+00:00","twitter_card":"summary_large_image","twitter_misc":{"Est. reading time":"1 minute"},"schema":{"@context":"https:\/\/schema.org","@graph":[{"@type":"WebPage","@id":"https:\/\/murmurfilms.sk\/index.php\/about-us-and-contact\/","url":"https:\/\/murmurfilms.sk\/index.php\/about-us-and-contact\/","name":"about us and contact -","isPartOf":{"@id":"https:\/\/murmurfilms.sk\/#website"},"datePublished":"2024-06-11T19:51:27+00:00","dateModified":"2024-09-22T13:34:02+00:00","breadcrumb":{"@id":"https:\/\/murmurfilms.sk\/index.php\/about-us-and-contact\/#breadcrumb"},"inLanguage":"en-US","potentialAction":[{"@type":"ReadAction","target":["https:\/\/murmurfilms.sk\/index.php\/about-us-and-contact\/"]}]},{"@type":"BreadcrumbList","@id":"https:\/\/murmurfilms.sk\/index.php\/about-us-and-contact\/#breadcrumb","itemListElement":[{"@type":"ListItem","position":1,"name":"Domovsk\u00e1 str\u00e1nka","item":"https:\/\/murmurfilms.sk\/"},{"@type":"ListItem","position":2,"name":"about us and contact"}]},{"@type":"WebSite","@id":"https:\/\/murmurfilms.sk\/#website","url":"https:\/\/murmurfilms.sk\/","name":"","description":"","potentialAction":[{"@type":"SearchAction","target":{"@type":"EntryPoint","urlTemplate":"https:\/\/murmurfilms.sk\/?s={search_term_string}"},"query-input":"required name=search_term_string"}],"inLanguage":"en-US"}]}},"_links":{"self":[{"href":"https:\/\/murmurfilms.sk\/index.php\/wp-json\/wp\/v2\/pages\/149","targetHints":{"allow":["GET"]}}],"collection":[{"href":"https:\/\/murmurfilms.sk\/index.php\/wp-json\/wp\/v2\/pages"}],"about":[{"href":"https:\/\/murmurfilms.sk\/index.php\/wp-json\/wp\/v2\/types\/page"}],"author":[{"embeddable":true,"href":"https:\/\/murmurfilms.sk\/index.php\/wp-json\/wp\/v2\/users\/1"}],"replies":[{"embeddable":true,"href":"https:\/\/murmurfilms.sk\/index.php\/wp-json\/wp\/v2\/comments?post=149"}],"version-history":[{"count":7,"href":"https:\/\/murmurfilms.sk\/index.php\/wp-json\/wp\/v2\/pages\/149\/revisions"}],"predecessor-version":[{"id":258,"href":"https:\/\/murmurfilms.sk\/index.php\/wp-json\/wp\/v2\/pages\/149\/revisions\/258"}],"wp:attachment":[{"href":"https:\/\/murmurfilms.sk\/index.php\/wp-json\/wp\/v2\/media?parent=149"}],"curies":[{"name":"wp","href":"https:\/\/api.w.org\/{rel}","templated":true}]}}